{"id":11,"date":"2025-03-07T17:59:51","date_gmt":"2025-03-07T16:59:51","guid":{"rendered":"https:\/\/julia-c.dk\/?page_id=11"},"modified":"2025-08-04T21:05:04","modified_gmt":"2025-08-04T19:05:04","slug":"articles","status":"publish","type":"page","link":"https:\/\/julia-c.dk\/?page_id=11","title":{"rendered":"ARTICLES"},"content":{"rendered":"\n<div class=\"wp-block-cover aligncenter has-custom-content-position is-position-bottom-right\" style=\"min-height:100vh;aspect-ratio:unset;\"><img loading=\"lazy\" decoding=\"async\" width=\"944\" height=\"1412\" class=\"wp-block-cover__image-background wp-image-168\" alt=\"\" src=\"https:\/\/julia-c.dk\/wp-content\/uploads\/2025\/02\/Skaermbillede-2025-02-20-kl.-12.48.37-2.png\" data-object-fit=\"cover\" srcset=\"https:\/\/julia-c.dk\/wp-content\/uploads\/2025\/02\/Skaermbillede-2025-02-20-kl.-12.48.37-2.png 944w, https:\/\/julia-c.dk\/wp-content\/uploads\/2025\/02\/Skaermbillede-2025-02-20-kl.-12.48.37-2-201x300.png 201w, https:\/\/julia-c.dk\/wp-content\/uploads\/2025\/02\/Skaermbillede-2025-02-20-kl.-12.48.37-2-685x1024.png 685w, https:\/\/julia-c.dk\/wp-content\/uploads\/2025\/02\/Skaermbillede-2025-02-20-kl.-12.48.37-2-768x1149.png 768w\" sizes=\"auto, (max-width: 944px) 100vw, 944px\" \/><span aria-hidden=\"true\" class=\"wp-block-cover__background has-background-dim\" style=\"background-color:#7c6f5e\"><\/span><div class=\"wp-block-cover__inner-container is-layout-flow wp-block-cover-is-layout-flow\">\n<p class=\"has-text-align-left has-large-font-size\">                                 <strong><em><kbd><sub>Here, you\u2019ll find articles about my work and background.<\/sub><\/kbd><\/em><\/strong><\/p>\n\n\n<div class=\"wp-block-image\">\n<figure class=\"aligncenter size-large is-resized\"><img loading=\"lazy\" decoding=\"async\" width=\"876\" height=\"1305\" src=\"https:\/\/julia-c.dk\/wp-content\/uploads\/2025\/02\/Skaermbillede-2025-02-20-kl.-12.50.46-1-edited.png\" alt=\"\" class=\"wp-image-166\" style=\"width:515px;height:auto\" srcset=\"https:\/\/julia-c.dk\/wp-content\/uploads\/2025\/02\/Skaermbillede-2025-02-20-kl.-12.50.46-1-edited.png 876w, https:\/\/julia-c.dk\/wp-content\/uploads\/2025\/02\/Skaermbillede-2025-02-20-kl.-12.50.46-1-edited-201x300.png 201w, https:\/\/julia-c.dk\/wp-content\/uploads\/2025\/02\/Skaermbillede-2025-02-20-kl.-12.50.46-1-edited-687x1024.png 687w, https:\/\/julia-c.dk\/wp-content\/uploads\/2025\/02\/Skaermbillede-2025-02-20-kl.-12.50.46-1-edited-768x1144.png 768w\" sizes=\"auto, (max-width: 876px) 100vw, 876px\" \/><\/figure>\n<\/div>\n\n\n<h4 class=\"wp-block-heading\"><\/h4>\n<\/div><\/div>\n\n\n\n<p class=\"has-text-align-center\"><a href=\"https:\/\/viborg-folkeblad.dk\/kultur\/oliver-har-vaeret-med-til-at-rejse-368-000-kroner-til-et-godt-formaal\">Oliver har v\u00e6ret med til at rejse 368.000 kroner til et godt form\u00e5l<\/a><\/p>\n\n\n\n<p class=\"has-text-align-right\">Source: viborg-folkeblad.dk<\/p>\n\n\n\n<p class=\"has-text-align-right\"><a href=\"https:\/\/viborg-folkeblad.dk\/kultur\/festival-vender-tilbage-til-roedderne-den-burde-vaere-lavet-af-de-unge-til-de-unge\">Festival vender tilbage til r\u00f8dderne: &#8211; Den burde v\u00e6re lavet af de unge til de unge<\/a><\/p>\n\n\n\n<p>Source: viborg-folkeblad.dk<\/p>\n\n\n\n<blockquote class=\"wp-block-quote is-layout-flow wp-block-quote-is-layout-flow\">\n<p><a href=\"https:\/\/kulturmonitor.dk\/nyheder\/musik\/article18180668.ece\"><strong>De unge v\u00e6ltede ind p\u00e5 provinsspillested, da projektleder tog alternativt greb i brug<\/strong><\/a><\/p>\n<\/blockquote>\n\n\n\n<p class=\"has-text-align-right\"><strong>kulturmonitor.dk<\/strong><\/p>\n\n\n\n<h2 class=\"wp-block-heading\"><em><a href=\"https:\/\/omnibus.au.dk\/arkiv\/vis\/artikel\/fandt-ind-i-kulturen-ved-et-tilfaelde-nu-er-hun-nomineret-til-kulturpris\">FANDT IND I KULTUREN VED ET TILF\u00c6LDE &#8211; NU ER HUN NOMINERET TIL KULTURPRIS<\/a><\/em><\/h2>\n\n\n\n<p><strong>omnibus.au.dk<\/strong><\/p>\n\n\n\n<h2 class=\"wp-block-heading alignfull has-text-align-center\"><em><a href=\"https:\/\/gaffa.dk\/artikler\/2025\/april\/fra-fremmed-til-frontlober-julia-vil-hjaelpe-provinsens-spillesteder-med-at-engagere-de-unge\/\">Fra fremmed til frontl\u00f8ber: Julia vil hj\u00e6lpe provinsens spillesteder med at engagere de unge<\/a><\/em><\/h2>\n\n\n\n<p>Source: Gaffa.dk<\/p>\n\n\n\n<h2 class=\"wp-block-heading\"><strong>202<\/strong>5<\/h2>\n\n\n\n<h1 class=\"wp-block-heading alignfull has-text-align-center\"><sup><a href=\"https:\/\/viborg-folkeblad.dk\/kultur\/paletten-giver-de-unge-noeglerne-de-vil-rigtigt-gerne-mere?fbclid=IwY2xjawE8RvZleHRuA2FlbQIxMQABHe6oiMYoG4W2X4w4Zbxwd-6k2-44LFB5WuFv58wphryNBp63dTB68VWVZw_aem_3PpHXSzrR7N8cVpVXH-g4A\"><em><kbd>Paletten giver de unge n\u00f8glerne: - De vil rigtigt gerne mere<\/kbd><\/em><\/a><\/sup><\/h1>\n\n\n\n<h4 class=\"wp-block-heading has-text-align-center\">Source: viborg-folkeblad.dk<\/h4>\n\n\n\n<h2 class=\"wp-block-heading\"><strong>2024<\/strong><\/h2>\n\n\n\n<p><\/p>\n\n\n\n<blockquote class=\"wp-block-quote is-layout-flow wp-block-quote-is-layout-flow\">\n<figure class=\"wp-block-pullquote\"><blockquote><p><em>&#8220;Det er vigtigt, de unge finder deres egne m\u00e5der at g\u00f8re det p\u00e5, siger Julia Choma.&#8221;<\/em><\/p><\/blockquote><\/figure>\n<\/blockquote>\n\n\n\n<p><\/p>\n\n\n\n<p><\/p>\n\n\n\n<h2 class=\"wp-block-heading alignfull has-text-align-center\"><sup><a href=\"https:\/\/viborg-folkeblad.dk\/kultur\/paletten-er-flyttet-blevet-regionalt-spillested-og-har-faaet-fat-i-de-unge-det-har-vi-virkelig-haft-overvaeldende-succes-med\"><em><kbd><em><a href=\"https:\/\/viborg-folkeblad.dk\/kultur\/paletten-giver-de-unge-noeglerne-de-vil-rigtigt-gerne-mere?fbclid=IwY2xjawE8RvZleHRuA2FlbQIxMQABHe6oiMYoG4W2X4w4Zbxwd-6k2-44LFB5WuFv58wphryNBp63dTB68VWVZw_aem_3PpHXSzrR7N8cVpVXH-g4A\">Paletten er flyttet, blevet regionalt spillested og har f\u00e5et fat i de unge: -\u00a0Det har vi virkelig haft overv\u00e6ldende succes med<\/a><\/em><\/kbd><\/em><\/a><\/sup><\/h2>\n\n\n\n<h2 class=\"wp-block-heading\"><strong>2023<\/strong><\/h2>\n\n\n\n<h4 class=\"wp-block-heading has-text-align-center\">Source: viborg-folkeblad.dk<\/h4>\n\n\n\n<p><\/p>\n\n\n\n<p><\/p>\n\n\n\n<h2 class=\"wp-block-heading alignfull has-text-align-center\"><sup><a href=\"https:\/\/viborg-folkeblad.dk\/kultur\/paletten-er-flyttet-blevet-regionalt-spillested-og-har-faaet-fat-i-de-unge-det-har-vi-virkelig-haft-overvaeldende-succes-med\"><em><kbd><em><a href=\"https:\/\/viborg-folkeblad.dk\/kultur\/paletten-giver-de-unge-noeglerne-de-vil-rigtigt-gerne-mere?fbclid=IwY2xjawE8RvZleHRuA2FlbQIxMQABHe6oiMYoG4W2X4w4Zbxwd-6k2-44LFB5WuFv58wphryNBp63dTB68VWVZw_aem_3PpHXSzrR7N8cVpVXH-g4A\">Paletten i Viborg har endelig \u00e5bnet d\u00f8rene til deres helt nye spillested.<\/a><\/em><\/kbd><\/em><\/a><\/sup><\/h2>\n\n\n\n<p><span style=\"font-family: Roboto, sans-serif; font-size: 0.875rem; font-style: italic; letter-spacing: 0.5px; white-space: normal; color: var(--wp--preset--color--foreground); background-color: var(--wp--preset--color--background);\"><strong><em>M\u00c5NEDENS SPILLESTED: Nye rammer skaber sublim lyd i Viborg<\/em><\/strong><\/span><\/p>\n\n\n\n<p><div class=\"grid-container article-page__content w3_bg\" style=\"white-space: normal; box-sizing: border-box; max-width: 1440px; padding: 0px 1.875rem 60px; margin: 0px auto; display: flex; justify-content: space-between;\"><article class=\"col-xl-9 col-xxxl-6 article-page__main\" style=\"box-sizing: border-box; color: rgb(33, 37, 41); flex: 0 0 auto; width: 1035px; margin-bottom: 0px; position: relative; padding-right: 13.796875px; caret-color: rgb(33, 37, 41); font-family: system-ui, -apple-system, &quot;Segoe UI&quot;, Roboto, &quot;Helvetica Neue&quot;, Arial, &quot;Noto Sans&quot;, &quot;Liberation Sans&quot;, sans-serif, &quot;Apple Color Emoji&quot;, &quot;Segoe UI Emoji&quot;, &quot;Segoe UI Symbol&quot;, &quot;Noto Color Emoji&quot;; font-size: 16px;\"><\/article><\/div><\/p>\n\n\n\n<h2 class=\"wp-block-heading\"><strong>2022<\/strong><\/h2>\n\n\n\n<h4 class=\"wp-block-heading has-text-align-center\">Source: Gaffa.dk<\/h4>\n\n\n\n<p><\/p>\n\n\n\n<p><\/p>\n\n\n\n<h2 class=\"wp-block-heading alignfull has-text-align-center\"><sup><em><kbd><em><a href=\"https:\/\/viborg-folkeblad.dk\/bolig-og-livsstil\/en-barndom-med-vold-og-svigt-jeg-har-tit-taenkt-at-jeg-skulle-vaere-doed-fra-foedslen\">En barndom med vold og svigt: - Jeg har tit t\u00e6nkt, at jeg skulle v\u00e6re d\u00f8d fra f\u00f8dslen<\/a><\/em><\/kbd><\/em><\/sup><\/h2>\n\n\n\n<h2 class=\"wp-block-heading\"><strong>2022<\/strong><\/h2>\n\n\n\n<blockquote class=\"wp-block-quote is-layout-flow wp-block-quote-is-layout-flow\">\n<h4 class=\"wp-block-heading\" id=\"block-3b238206-282c-4c3f-b13b-1c4182ab23ff\"><strong><em><mark style=\"background-color:#ffffff\" class=\"has-inline-color\">&#8220;21-\u00e5rige Julia Choma er f\u00f8dt og opvokset i Polen i en familie, hvor fysisk og psykisk vold var en del af hverdagen. Som 14-\u00e5rig kom hun til Danamark med sin mor og s\u00f8ster. I dag ser Julia Choma kun lidt til sin mor, der er flyttet til Sj\u00e6lland, og hendes far i Polen har hun stort set ikke kontakt med.&#8221;<\/mark><\/em><\/strong><\/h4>\n<\/blockquote>\n\n\n\n<blockquote class=\"wp-block-quote has-text-align-center is-layout-flow wp-block-quote-is-layout-flow\">\n<h4 class=\"wp-block-heading\"><\/h4>\n<\/blockquote>\n\n\n\n<h4 class=\"wp-block-heading alignfull\"><\/h4>\n\n\n\n<p><\/p>\n\n\n\n<div class=\"wp-block-group alignfull has-background-color has-foreground-background-color has-text-color has-background has-link-color wp-elements-52c7e44246ba1dec2a7325153361dd7f\"><div class=\"wp-block-group__inner-container is-layout-constrained wp-block-group-is-layout-constrained\">\n<div class=\"wp-block-group alignwide is-content-justification-space-between is-layout-flex wp-container-core-group-is-layout-66392f02 wp-block-group-is-layout-flex\" style=\"padding-top:4rem;padding-bottom:4rem\">\n<div class=\"wp-block-group\"><div class=\"wp-block-group__inner-container is-layout-flow wp-block-group-is-layout-flow\"><h1 style=\"text-transform:uppercase; margin-top:0px;margin-bottom:0px;\" class=\"wp-block-site-title\"><a href=\"https:\/\/julia-c.dk\" target=\"_self\" rel=\"home\">julia-c<\/a><\/h1>\n\n<p style=\"font-style:italic;font-weight:400; margin-top:0.25em;margin-bottom:0px;\" class=\"wp-block-site-tagline has-small-font-size\">&#8211; creativity, community, culture<\/p><\/div><\/div>\n\n\n\n<ul class=\"wp-block-social-links has-icon-background-color is-content-justification-right is-layout-flex wp-container-core-social-links-is-layout-765c4724 wp-block-social-links-is-layout-flex\"><li style=\"background-color:var(--wp--preset--color--foreground);\" class=\"wp-social-link wp-social-link-facebook has-foreground-background-color wp-block-social-link\"><a href=\"https:\/\/www.facebook.com\/julina.siwa\/\" class=\"wp-block-social-link-anchor\"><svg width=\"24\" height=\"24\" viewBox=\"0 0 24 24\" version=\"1.1\" xmlns=\"http:\/\/www.w3.org\/2000\/svg\" aria-hidden=\"true\" focusable=\"false\"><path d=\"M12 2C6.5 2 2 6.5 2 12c0 5 3.7 9.1 8.4 9.9v-7H7.9V12h2.5V9.8c0-2.5 1.5-3.9 3.8-3.9 1.1 0 2.2.2 2.2.2v2.5h-1.3c-1.2 0-1.6.8-1.6 1.6V12h2.8l-.4 2.9h-2.3v7C18.3 21.1 22 17 22 12c0-5.5-4.5-10-10-10z\"><\/path><\/svg><span class=\"wp-block-social-link-label screen-reader-text\">Facebook<\/span><\/a><\/li>\n\n<li style=\"background-color:var(--wp--preset--color--foreground);\" class=\"wp-social-link wp-social-link-instagram has-foreground-background-color wp-block-social-link\"><a href=\"https:\/\/www.instagram.com\/julechoma\/\" class=\"wp-block-social-link-anchor\"><svg width=\"24\" height=\"24\" viewBox=\"0 0 24 24\" version=\"1.1\" xmlns=\"http:\/\/www.w3.org\/2000\/svg\" aria-hidden=\"true\" focusable=\"false\"><path d=\"M12,4.622c2.403,0,2.688,0.009,3.637,0.052c0.877,0.04,1.354,0.187,1.671,0.31c0.42,0.163,0.72,0.358,1.035,0.673 c0.315,0.315,0.51,0.615,0.673,1.035c0.123,0.317,0.27,0.794,0.31,1.671c0.043,0.949,0.052,1.234,0.052,3.637 s-0.009,2.688-0.052,3.637c-0.04,0.877-0.187,1.354-0.31,1.671c-0.163,0.42-0.358,0.72-0.673,1.035 c-0.315,0.315-0.615,0.51-1.035,0.673c-0.317,0.123-0.794,0.27-1.671,0.31c-0.949,0.043-1.233,0.052-3.637,0.052 s-2.688-0.009-3.637-0.052c-0.877-0.04-1.354-0.187-1.671-0.31c-0.42-0.163-0.72-0.358-1.035-0.673 c-0.315-0.315-0.51-0.615-0.673-1.035c-0.123-0.317-0.27-0.794-0.31-1.671C4.631,14.688,4.622,14.403,4.622,12 s0.009-2.688,0.052-3.637c0.04-0.877,0.187-1.354,0.31-1.671c0.163-0.42,0.358-0.72,0.673-1.035 c0.315-0.315,0.615-0.51,1.035-0.673c0.317-0.123,0.794-0.27,1.671-0.31C9.312,4.631,9.597,4.622,12,4.622 M12,3 C9.556,3,9.249,3.01,8.289,3.054C7.331,3.098,6.677,3.25,6.105,3.472C5.513,3.702,5.011,4.01,4.511,4.511 c-0.5,0.5-0.808,1.002-1.038,1.594C3.25,6.677,3.098,7.331,3.054,8.289C3.01,9.249,3,9.556,3,12c0,2.444,0.01,2.751,0.054,3.711 c0.044,0.958,0.196,1.612,0.418,2.185c0.23,0.592,0.538,1.094,1.038,1.594c0.5,0.5,1.002,0.808,1.594,1.038 c0.572,0.222,1.227,0.375,2.185,0.418C9.249,20.99,9.556,21,12,21s2.751-0.01,3.711-0.054c0.958-0.044,1.612-0.196,2.185-0.418 c0.592-0.23,1.094-0.538,1.594-1.038c0.5-0.5,0.808-1.002,1.038-1.594c0.222-0.572,0.375-1.227,0.418-2.185 C20.99,14.751,21,14.444,21,12s-0.01-2.751-0.054-3.711c-0.044-0.958-0.196-1.612-0.418-2.185c-0.23-0.592-0.538-1.094-1.038-1.594 c-0.5-0.5-1.002-0.808-1.594-1.038c-0.572-0.222-1.227-0.375-2.185-0.418C14.751,3.01,14.444,3,12,3L12,3z M12,7.378 c-2.552,0-4.622,2.069-4.622,4.622S9.448,16.622,12,16.622s4.622-2.069,4.622-4.622S14.552,7.378,12,7.378z M12,15 c-1.657,0-3-1.343-3-3s1.343-3,3-3s3,1.343,3,3S13.657,15,12,15z M16.804,6.116c-0.596,0-1.08,0.484-1.08,1.08 s0.484,1.08,1.08,1.08c0.596,0,1.08-0.484,1.08-1.08S17.401,6.116,16.804,6.116z\"><\/path><\/svg><span class=\"wp-block-social-link-label screen-reader-text\">Instagram<\/span><\/a><\/li>\n\n<li style=\"background-color:var(--wp--preset--color--foreground);\" class=\"wp-social-link wp-social-link-linkedin has-foreground-background-color wp-block-social-link\"><a href=\"https:\/\/www.linkedin.com\/in\/julia-choma-39936b250\/\" class=\"wp-block-social-link-anchor\"><svg width=\"24\" height=\"24\" viewBox=\"0 0 24 24\" version=\"1.1\" xmlns=\"http:\/\/www.w3.org\/2000\/svg\" aria-hidden=\"true\" focusable=\"false\"><path d=\"M19.7,3H4.3C3.582,3,3,3.582,3,4.3v15.4C3,20.418,3.582,21,4.3,21h15.4c0.718,0,1.3-0.582,1.3-1.3V4.3 C21,3.582,20.418,3,19.7,3z M8.339,18.338H5.667v-8.59h2.672V18.338z M7.004,8.574c-0.857,0-1.549-0.694-1.549-1.548 c0-0.855,0.691-1.548,1.549-1.548c0.854,0,1.547,0.694,1.547,1.548C8.551,7.881,7.858,8.574,7.004,8.574z M18.339,18.338h-2.669 v-4.177c0-0.996-0.017-2.278-1.387-2.278c-1.389,0-1.601,1.086-1.601,2.206v4.249h-2.667v-8.59h2.559v1.174h0.037 c0.356-0.675,1.227-1.387,2.526-1.387c2.703,0,3.203,1.779,3.203,4.092V18.338z\"><\/path><\/svg><span class=\"wp-block-social-link-label screen-reader-text\">LinkedIn<\/span><\/a><\/li><\/ul>\n<\/div>\n\n\n\n<p><\/p>\n<\/div><\/div>\n\n\n\n<p><\/p>\n","protected":false},"excerpt":{"rendered":"<p>Oliver har v\u00e6ret med til at rejse 368.000 kroner til et godt form\u00e5l Source: viborg-folkeblad.dk Festival vender tilbage til r\u00f8dderne: &#8211; Den burde v\u00e6re lavet af de unge til de unge Source: viborg-folkeblad.dk De unge v\u00e6ltede ind p\u00e5 provinsspillested, da projektleder tog alternativt greb i brug kulturmonitor.dk FANDT IND I KULTUREN VED ET TILF\u00c6LDE &#8211; [&hellip;]<\/p>\n","protected":false},"author":1,"featured_media":0,"parent":0,"menu_order":0,"comment_status":"closed","ping_status":"closed","template":"","meta":{"footnotes":""},"class_list":["post-11","page","type-page","status-publish","hentry"],"yoast_head":"<!-- This site is optimized with the Yoast SEO plugin v27.3 - https:\/\/yoast.com\/product\/yoast-seo-wordpress\/ -->\n<title>ARTICLES - julia-c<\/title>\n<meta name=\"robots\" content=\"index, follow, max-snippet:-1, max-image-preview:large, max-video-preview:-1\" \/>\n<link rel=\"canonical\" href=\"https:\/\/julia-c.dk\/?page_id=11\" \/>\n<meta property=\"og:locale\" content=\"da_DK\" \/>\n<meta property=\"og:type\" content=\"article\" \/>\n<meta property=\"og:title\" content=\"ARTICLES - julia-c\" \/>\n<meta property=\"og:description\" content=\"Oliver har v\u00e6ret med til at rejse 368.000 kroner til et godt form\u00e5l Source: viborg-folkeblad.dk Festival vender tilbage til r\u00f8dderne: &#8211; Den burde v\u00e6re lavet af de unge til de unge Source: viborg-folkeblad.dk De unge v\u00e6ltede ind p\u00e5 provinsspillested, da projektleder tog alternativt greb i brug kulturmonitor.dk FANDT IND I KULTUREN VED ET TILF\u00c6LDE &#8211; [&hellip;]\" \/>\n<meta property=\"og:url\" content=\"https:\/\/julia-c.dk\/?page_id=11\" \/>\n<meta property=\"og:site_name\" content=\"julia-c\" \/>\n<meta property=\"article:modified_time\" content=\"2025-08-04T19:05:04+00:00\" \/>\n<meta property=\"og:image\" content=\"https:\/\/julia-c.dk\/wp-content\/uploads\/2025\/02\/Skaermbillede-2025-02-20-kl.-12.48.37-2.png\" \/>\n\t<meta property=\"og:image:width\" content=\"944\" \/>\n\t<meta property=\"og:image:height\" content=\"1412\" \/>\n\t<meta property=\"og:image:type\" content=\"image\/png\" \/>\n<meta name=\"twitter:card\" content=\"summary_large_image\" \/>\n<meta name=\"twitter:label1\" content=\"Estimeret l\u00e6setid\" \/>\n\t<meta name=\"twitter:data1\" content=\"2 minutter\" \/>\n<script type=\"application\/ld+json\" class=\"yoast-schema-graph\">{\"@context\":\"https:\\\/\\\/schema.org\",\"@graph\":[{\"@type\":\"WebPage\",\"@id\":\"https:\\\/\\\/julia-c.dk\\\/?page_id=11\",\"url\":\"https:\\\/\\\/julia-c.dk\\\/?page_id=11\",\"name\":\"ARTICLES - julia-c\",\"isPartOf\":{\"@id\":\"https:\\\/\\\/julia-c.dk\\\/#website\"},\"primaryImageOfPage\":{\"@id\":\"https:\\\/\\\/julia-c.dk\\\/?page_id=11#primaryimage\"},\"image\":{\"@id\":\"https:\\\/\\\/julia-c.dk\\\/?page_id=11#primaryimage\"},\"thumbnailUrl\":\"https:\\\/\\\/julia-c.dk\\\/wp-content\\\/uploads\\\/2025\\\/02\\\/Skaermbillede-2025-02-20-kl.-12.48.37-2.png\",\"datePublished\":\"2025-03-07T16:59:51+00:00\",\"dateModified\":\"2025-08-04T19:05:04+00:00\",\"breadcrumb\":{\"@id\":\"https:\\\/\\\/julia-c.dk\\\/?page_id=11#breadcrumb\"},\"inLanguage\":\"da-DK\",\"potentialAction\":[{\"@type\":\"ReadAction\",\"target\":[\"https:\\\/\\\/julia-c.dk\\\/?page_id=11\"]}]},{\"@type\":\"ImageObject\",\"inLanguage\":\"da-DK\",\"@id\":\"https:\\\/\\\/julia-c.dk\\\/?page_id=11#primaryimage\",\"url\":\"https:\\\/\\\/julia-c.dk\\\/wp-content\\\/uploads\\\/2025\\\/02\\\/Skaermbillede-2025-02-20-kl.-12.48.37-2.png\",\"contentUrl\":\"https:\\\/\\\/julia-c.dk\\\/wp-content\\\/uploads\\\/2025\\\/02\\\/Skaermbillede-2025-02-20-kl.-12.48.37-2.png\",\"width\":944,\"height\":1412},{\"@type\":\"BreadcrumbList\",\"@id\":\"https:\\\/\\\/julia-c.dk\\\/?page_id=11#breadcrumb\",\"itemListElement\":[{\"@type\":\"ListItem\",\"position\":1,\"name\":\"Hjem\",\"item\":\"https:\\\/\\\/julia-c.dk\\\/\"},{\"@type\":\"ListItem\",\"position\":2,\"name\":\"ARTICLES\"}]},{\"@type\":\"WebSite\",\"@id\":\"https:\\\/\\\/julia-c.dk\\\/#website\",\"url\":\"https:\\\/\\\/julia-c.dk\\\/\",\"name\":\"julia-c.dk\",\"description\":\"- creativity, community, culture\",\"potentialAction\":[{\"@type\":\"SearchAction\",\"target\":{\"@type\":\"EntryPoint\",\"urlTemplate\":\"https:\\\/\\\/julia-c.dk\\\/?s={search_term_string}\"},\"query-input\":{\"@type\":\"PropertyValueSpecification\",\"valueRequired\":true,\"valueName\":\"search_term_string\"}}],\"inLanguage\":\"da-DK\"}]}<\/script>\n<!-- \/ Yoast SEO plugin. -->","yoast_head_json":{"title":"ARTICLES - julia-c","robots":{"index":"index","follow":"follow","max-snippet":"max-snippet:-1","max-image-preview":"max-image-preview:large","max-video-preview":"max-video-preview:-1"},"canonical":"https:\/\/julia-c.dk\/?page_id=11","og_locale":"da_DK","og_type":"article","og_title":"ARTICLES - julia-c","og_description":"Oliver har v\u00e6ret med til at rejse 368.000 kroner til et godt form\u00e5l Source: viborg-folkeblad.dk Festival vender tilbage til r\u00f8dderne: &#8211; Den burde v\u00e6re lavet af de unge til de unge Source: viborg-folkeblad.dk De unge v\u00e6ltede ind p\u00e5 provinsspillested, da projektleder tog alternativt greb i brug kulturmonitor.dk FANDT IND I KULTUREN VED ET TILF\u00c6LDE &#8211; [&hellip;]","og_url":"https:\/\/julia-c.dk\/?page_id=11","og_site_name":"julia-c","article_modified_time":"2025-08-04T19:05:04+00:00","og_image":[{"width":944,"height":1412,"url":"https:\/\/julia-c.dk\/wp-content\/uploads\/2025\/02\/Skaermbillede-2025-02-20-kl.-12.48.37-2.png","type":"image\/png"}],"twitter_card":"summary_large_image","twitter_misc":{"Estimeret l\u00e6setid":"2 minutter"},"schema":{"@context":"https:\/\/schema.org","@graph":[{"@type":"WebPage","@id":"https:\/\/julia-c.dk\/?page_id=11","url":"https:\/\/julia-c.dk\/?page_id=11","name":"ARTICLES - julia-c","isPartOf":{"@id":"https:\/\/julia-c.dk\/#website"},"primaryImageOfPage":{"@id":"https:\/\/julia-c.dk\/?page_id=11#primaryimage"},"image":{"@id":"https:\/\/julia-c.dk\/?page_id=11#primaryimage"},"thumbnailUrl":"https:\/\/julia-c.dk\/wp-content\/uploads\/2025\/02\/Skaermbillede-2025-02-20-kl.-12.48.37-2.png","datePublished":"2025-03-07T16:59:51+00:00","dateModified":"2025-08-04T19:05:04+00:00","breadcrumb":{"@id":"https:\/\/julia-c.dk\/?page_id=11#breadcrumb"},"inLanguage":"da-DK","potentialAction":[{"@type":"ReadAction","target":["https:\/\/julia-c.dk\/?page_id=11"]}]},{"@type":"ImageObject","inLanguage":"da-DK","@id":"https:\/\/julia-c.dk\/?page_id=11#primaryimage","url":"https:\/\/julia-c.dk\/wp-content\/uploads\/2025\/02\/Skaermbillede-2025-02-20-kl.-12.48.37-2.png","contentUrl":"https:\/\/julia-c.dk\/wp-content\/uploads\/2025\/02\/Skaermbillede-2025-02-20-kl.-12.48.37-2.png","width":944,"height":1412},{"@type":"BreadcrumbList","@id":"https:\/\/julia-c.dk\/?page_id=11#breadcrumb","itemListElement":[{"@type":"ListItem","position":1,"name":"Hjem","item":"https:\/\/julia-c.dk\/"},{"@type":"ListItem","position":2,"name":"ARTICLES"}]},{"@type":"WebSite","@id":"https:\/\/julia-c.dk\/#website","url":"https:\/\/julia-c.dk\/","name":"julia-c.dk","description":"- creativity, community, culture","potentialAction":[{"@type":"SearchAction","target":{"@type":"EntryPoint","urlTemplate":"https:\/\/julia-c.dk\/?s={search_term_string}"},"query-input":{"@type":"PropertyValueSpecification","valueRequired":true,"valueName":"search_term_string"}}],"inLanguage":"da-DK"}]}},"jetpack_sharing_enabled":true,"_links":{"self":[{"href":"https:\/\/julia-c.dk\/index.php?rest_route=\/wp\/v2\/pages\/11","targetHints":{"allow":["GET"]}}],"collection":[{"href":"https:\/\/julia-c.dk\/index.php?rest_route=\/wp\/v2\/pages"}],"about":[{"href":"https:\/\/julia-c.dk\/index.php?rest_route=\/wp\/v2\/types\/page"}],"author":[{"embeddable":true,"href":"https:\/\/julia-c.dk\/index.php?rest_route=\/wp\/v2\/users\/1"}],"replies":[{"embeddable":true,"href":"https:\/\/julia-c.dk\/index.php?rest_route=%2Fwp%2Fv2%2Fcomments&post=11"}],"version-history":[{"count":10,"href":"https:\/\/julia-c.dk\/index.php?rest_route=\/wp\/v2\/pages\/11\/revisions"}],"predecessor-version":[{"id":585,"href":"https:\/\/julia-c.dk\/index.php?rest_route=\/wp\/v2\/pages\/11\/revisions\/585"}],"wp:attachment":[{"href":"https:\/\/julia-c.dk\/index.php?rest_route=%2Fwp%2Fv2%2Fmedia&parent=11"}],"curies":[{"name":"wp","href":"https:\/\/api.w.org\/{rel}","templated":true}]}}